{"id":76,"date":"2011-10-26T05:13:17","date_gmt":"2011-10-26T03:13:17","guid":{"rendered":"http:\/\/fenerbahceliyiz.biz\/wp\/?page_id=76"},"modified":"2018-11-20T19:32:49","modified_gmt":"2018-11-20T17:32:49","slug":"basketbol","status":"publish","type":"page","link":"http:\/\/fenerbahceliyiz.biz\/?page_id=76","title":{"rendered":"Basketbol"},"content":{"rendered":"<p>Fenerbah\u00e7eyi bekliyoruz &#x1f3c0;<\/p>\n<p>Fenerbah\u00e7e &#8211; Da\u00e7ka #Euroleague<\/p>\n<p><img loading=\"lazy\" decoding=\"async\" src=\"http:\/\/fenerbahceliyiz.biz\/wp\/wp-content\/uploads\/2018\/11\/wp-1542735175202114633665.jpg\" class=\"alignnone wp-image-1104 size-full\" width=\"2268\" height=\"4032\" srcset=\"http:\/\/fenerbahceliyiz.biz\/wp\/wp-content\/uploads\/2018\/11\/wp-1542735175202114633665.jpg 2268w, http:\/\/fenerbahceliyiz.biz\/wp\/wp-content\/uploads\/2018\/11\/wp-1542735175202114633665-169x300.jpg 169w, http:\/\/fenerbahceliyiz.biz\/wp\/wp-content\/uploads\/2018\/11\/wp-1542735175202114633665-768x1365.jpg 768w, http:\/\/fenerbahceliyiz.biz\/wp\/wp-content\/uploads\/2018\/11\/wp-1542735175202114633665-576x1024.jpg 576w\" sizes=\"auto, (max-width: 2268px) 100vw, 2268px\" \/><\/p>\n","protected":false},"excerpt":{"rendered":"<p>Fenerbah\u00e7eyi bekliyoruz &#x1f3c0; Fenerbah\u00e7e &#8211; Da\u00e7ka #Euroleague<\/p>\n","protected":false},"author":1,"featured_media":0,"parent":0,"menu_order":1,"comment_status":"open","ping_status":"open","template":"","meta":{"ngg_post_thumbnail":0,"footnotes":""},"class_list":["post-76","page","type-page","status-publish","hentry"],"aioseo_notices":[],"_links":{"self":[{"href":"http:\/\/fenerbahceliyiz.biz\/index.php?rest_route=\/wp\/v2\/pages\/76","targetHints":{"allow":["GET"]}}],"collection":[{"href":"http:\/\/fenerbahceliyiz.biz\/index.php?rest_route=\/wp\/v2\/pages"}],"about":[{"href":"http:\/\/fenerbahceliyiz.biz\/index.php?rest_route=\/wp\/v2\/types\/page"}],"author":[{"embeddable":true,"href":"http:\/\/fenerbahceliyiz.biz\/index.php?rest_route=\/wp\/v2\/users\/1"}],"replies":[{"embeddable":true,"href":"http:\/\/fenerbahceliyiz.biz\/index.php?rest_route=%2Fwp%2Fv2%2Fcomments&post=76"}],"version-history":[{"count":3,"href":"http:\/\/fenerbahceliyiz.biz\/index.php?rest_route=\/wp\/v2\/pages\/76\/revisions"}],"predecessor-version":[{"id":1105,"href":"http:\/\/fenerbahceliyiz.biz\/index.php?rest_route=\/wp\/v2\/pages\/76\/revisions\/1105"}],"wp:attachment":[{"href":"http:\/\/fenerbahceliyiz.biz\/index.php?rest_route=%2Fwp%2Fv2%2Fmedia&parent=76"}],"curies":[{"name":"wp","href":"https:\/\/api.w.org\/{rel}","templated":true}]}}