{"id":72,"date":"2011-10-26T03:12:37","date_gmt":"2011-10-26T03:12:37","guid":{"rendered":"http:\/\/fenerbahceliyiz.biz\/wp\/?page_id=72"},"modified":"2012-08-04T21:13:33","modified_gmt":"2012-08-04T19:13:33","slug":"kadro","status":"publish","type":"page","link":"http:\/\/fenerbahceliyiz.biz\/?page_id=72","title":{"rendered":"Kadrolar"},"content":{"rendered":"<p>KALEC\u0130<\/p>\n<table border=\"0\">\n<tbody>\n<tr>\n<td>\n<p><div style=\"width: 140px\" class=\"wp-caption aligncenter\"><a href=\"http:\/\/fenerbahceliyiz.biz\/wp\/?page_id=120\"><img loading=\"lazy\" decoding=\"async\" class=\" \" title=\"Volkan Demirel\" src=\"http:\/\/fenerbahceliyiz.biz\/volkansite1.jpg\" alt=\"\" width=\"130\" height=\"130\" \/><\/a><p class=\"wp-caption-text\">1 &#8211; Volkan Demirel<\/p><\/div><\/td>\n<td>\n<p><div style=\"width: 140px\" class=\"wp-caption aligncenter\"><a href=\"http:\/\/fenerbahceliyiz.biz\/wp\/?page_id=173\"><img loading=\"lazy\" decoding=\"async\" class=\" \" title=\"Fehmi Mert G\u00fcnok\" src=\"http:\/\/fenerbahceliyiz.biz\/mertgunoksite1.jpg\" alt=\"\" width=\"130\" height=\"130\" \/><\/a><p class=\"wp-caption-text\">34 &#8211; Mert G\u00fcnok<\/p><\/div><\/td>\n<td>\n<p><div style=\"width: 140px\" class=\"wp-caption alignnone\"><a href=\"http:\/\/fenerbahceliyiz.biz\/wp\/?page_id=189\"><img loading=\"lazy\" decoding=\"async\" class=\" \" title=\"Serkan K\u0131r\u0131nt\u0131l\u0131\" src=\"http:\/\/fenerbahceliyiz.biz\/kirintilisite1.jpg\" alt=\"\" width=\"130\" height=\"130\" \/><\/a><p class=\"wp-caption-text\">85 &#8211; Serkan K\u0131r\u0131nt\u0131l\u0131<\/p><\/div><\/td>\n<\/tr>\n<\/tbody>\n<\/table>\n<p>DEFANS<\/p>\n<table border=\"0\">\n<tbody>\n<tr>\n<td>\n<p><div style=\"width: 140px\" class=\"wp-caption alignnone\"><a href=\"http:\/\/fenerbahceliyiz.biz\/wp\/?page_id=147\"><img loading=\"lazy\" decoding=\"async\" class=\" \" title=\"Reto Ziegler\" src=\"http:\/\/fenerbahceliyiz.biz\/zieglersite1.jpg\" alt=\"\" width=\"130\" height=\"130\" \/><\/a><p class=\"wp-caption-text\">3 &#8211; Reto Ziegler<\/p><\/div><\/td>\n<td>\n<p><div style=\"width: 140px\" class=\"wp-caption aligncenter\"><a href=\"http:\/\/fenerbahceliyiz.biz\/wp\/?page_id=149\"><img loading=\"lazy\" decoding=\"async\" class=\" \" title=\"Bekir \u0130rteg\u00fcn\" src=\"http:\/\/fenerbahceliyiz.biz\/bekirsite1.jpg\" alt=\"\" width=\"130\" height=\"130\" \/><\/a><p class=\"wp-caption-text\">4 &#8211; Bekir \u0130rteg\u00fcn<\/p><\/div><\/td>\n<td>\n<p><div style=\"width: 140px\" class=\"wp-caption alignnone\"><a href=\"http:\/\/fenerbahceliyiz.biz\/wp\/?page_id=153\"><img loading=\"lazy\" decoding=\"async\" class=\" \" title=\"Joseph Yobo\" src=\"http:\/\/fenerbahceliyiz.biz\/yobosite1.jpg\" alt=\"\" width=\"130\" height=\"130\" \/><\/a><p class=\"wp-caption-text\">6 &#8211; Joseph Yobo<\/p><\/div><\/td>\n<td>\n<p><div style=\"width: 140px\" class=\"wp-caption alignnone\"><a href=\"http:\/\/fenerbahceliyiz.biz\/wp\/?page_id=175\"><img loading=\"lazy\" decoding=\"async\" class=\" \" title=\"Hasan Erbey\" src=\"http:\/\/fenerbahceliyiz.biz\/hasanerbeysite1.jpg\" alt=\"\" width=\"130\" height=\"130\" \/><\/a><p class=\"wp-caption-text\">35 &#8211; Hasan Erbey<\/p><\/div><\/td>\n<\/tr>\n<tr>\n<td>\n<p><div style=\"width: 140px\" class=\"wp-caption alignnone\"><a href=\"http:\/\/fenerbahceliyiz.biz\/wp\/?page_id=179\"><img loading=\"lazy\" decoding=\"async\" class=\" \" title=\"Serdar Kesimal\" src=\"http:\/\/fenerbahceliyiz.biz\/serdarkesimalsite1.jpg\" alt=\"\" width=\"130\" height=\"130\" \/><\/a><p class=\"wp-caption-text\">53 &#8211; Serdar Kesimal<\/p><\/div><\/td>\n<td>\n<p><div style=\"width: 140px\" class=\"wp-caption aligncenter\"><a href=\"http:\/\/fenerbahceliyiz.biz\/wp\/?page_id=181\"><img loading=\"lazy\" decoding=\"async\" class=\" \" title=\"Fabio Bilica\" src=\"http:\/\/fenerbahceliyiz.biz\/bilicasite1.jpg\" alt=\"\" width=\"130\" height=\"130\" \/><\/a><p class=\"wp-caption-text\">58 &#8211; Fabio Bilica<\/p><\/div><\/td>\n<td>\n<p><div style=\"width: 140px\" class=\"wp-caption alignnone\"><a href=\"http:\/\/fenerbahceliyiz.biz\/wp\/?page_id=449\"><img loading=\"lazy\" decoding=\"async\" class=\" \" title=\"Orhan \u015eam\" src=\"http:\/\/fenerbahceliyiz.biz\/ozgurceksite1.jpg\" alt=\"\" width=\"130\" height=\"130\" \/><\/a><p class=\"wp-caption-text\">60 &#8211; \u00d6zg\u00fcr \u00c7ek<\/p><\/div><\/td>\n<td>\n<p><div style=\"width: 140px\" class=\"wp-caption alignnone\"><a href=\"http:\/\/fenerbahceliyiz.biz\/wp\/?page_id=185\"><img loading=\"lazy\" decoding=\"async\" class=\" \" title=\"Orhan \u015eam\" src=\"http:\/\/fenerbahceliyiz.biz\/orhansamsite1.jpg\" alt=\"\" width=\"130\" height=\"130\" \/><\/a><p class=\"wp-caption-text\">67 &#8211; Orhan \u015eam<\/p><\/div><\/td>\n<\/tr>\n<tr>\n<td>\n<p><div style=\"width: 140px\" class=\"wp-caption alignnone\"><a href=\"http:\/\/fenerbahceliyiz.biz\/wp\/?page_id=187\"><img loading=\"lazy\" decoding=\"async\" class=\" \" title=\"G\u00f6khan G\u00f6n\u00fcl\" src=\"http:\/\/fenerbahceliyiz.biz\/gokhangonulsite1.jpg\" alt=\"\" width=\"130\" height=\"130\" \/><\/a><p class=\"wp-caption-text\">77 &#8211; G\u00f6khan G\u00f6n\u00fcl<\/p><\/div><\/td>\n<\/tr>\n<\/tbody>\n<\/table>\n<p>ORTA SAHA<\/p>\n<table border=\"0\">\n<tbody>\n<tr>\n<td>\n<p><div style=\"width: 140px\" class=\"wp-caption alignnone\"><a href=\"http:\/\/fenerbahceliyiz.biz\/wp\/?page_id=151\"><img loading=\"lazy\" decoding=\"async\" class=\" \" title=\"Emre Bel\u00f6zo\u011flu\" src=\"http:\/\/fenerbahceliyiz.biz\/emresite1.jpg\" alt=\"\" width=\"130\" height=\"130\" \/><\/a><p class=\"wp-caption-text\">5 &#8211; Emre Bel\u00f6zo\u011flu<\/p><\/div><\/td>\n<td>\n<p><div style=\"width: 140px\" class=\"wp-caption alignnone\"><a href=\"http:\/\/fenerbahceliyiz.biz\/wp\/?page_id=155\"><img loading=\"lazy\" decoding=\"async\" class=\" \" title=\"Sezer \u00d6zt\u00fcrk\" src=\"http:\/\/fenerbahceliyiz.biz\/sezersite1.jpg\" alt=\"\" width=\"130\" height=\"130\" \/><\/a><p class=\"wp-caption-text\">8 &#8211; Sezer \u00d6zt\u00fcrk<\/p><\/div><\/td>\n<td>\n<p><div style=\"width: 140px\" class=\"wp-caption alignnone\"><a href=\"http:\/\/fenerbahceliyiz.biz\/wp\/?page_id=161\"><img loading=\"lazy\" decoding=\"async\" class=\" \" title=\"G\u00f6kay \u0130ravul\" src=\"http:\/\/fenerbahceliyiz.biz\/gokaysite1.jpg\" alt=\"\" width=\"130\" height=\"130\" \/><\/a><p class=\"wp-caption-text\">14 &#8211; G\u00f6kay \u0130ravul<\/p><\/div><\/td>\n<td>\n<p><div style=\"width: 140px\" class=\"wp-caption alignnone\"><a href=\"http:\/\/fenerbahceliyiz.biz\/wp\/?page_id=165\"><img loading=\"lazy\" decoding=\"async\" class=\" \" title=\"Cristian Baroni\" src=\"http:\/\/fenerbahceliyiz.biz\/cristiansite1.jpg\" alt=\"\" width=\"130\" height=\"130\" \/><\/a><p class=\"wp-caption-text\">16 &#8211; Cristian Baroni<\/p><\/div><\/td>\n<\/tr>\n<tr>\n<td>\n<p><div style=\"width: 140px\" class=\"wp-caption alignnone\"><a href=\"http:\/\/fenerbahceliyiz.biz\/wp\/?page_id=167\"><img loading=\"lazy\" decoding=\"async\" class=\" \" title=\"\u00d6zer Hurmac\u0131\" src=\"http:\/\/fenerbahceliyiz.biz\/ozersite1.jpg\" alt=\"\" width=\"130\" height=\"130\" \/><\/a><p class=\"wp-caption-text\">20 &#8211; \u00d6zer Hurmac\u0131<\/p><\/div><\/td>\n<td>\n<p><div style=\"width: 140px\" class=\"wp-caption alignnone\"><a href=\"http:\/\/fenerbahceliyiz.biz\/wp\/?page_id=171\"><img loading=\"lazy\" decoding=\"async\" class=\" \" title=\"U\u011fur Boral\" src=\"http:\/\/fenerbahceliyiz.biz\/ugurboralsite1.jpg\" alt=\"\" width=\"130\" height=\"130\" \/><\/a><p class=\"wp-caption-text\">25 &#8211; U\u011fur Boral<\/p><\/div><\/td>\n<td>\n<p><div style=\"width: 140px\" class=\"wp-caption alignnone\"><a href=\"http:\/\/fenerbahceliyiz.biz\/wp\/?page_id=177\"><img loading=\"lazy\" decoding=\"async\" class=\" \" title=\"Mehmet Topuz\" src=\"http:\/\/fenerbahceliyiz.biz\/topuzsite1.jpg\" alt=\"\" width=\"130\" height=\"130\" \/><\/a><p class=\"wp-caption-text\">38 &#8211; Mehmet Topuz<\/p><\/div><\/td>\n<td>\n<p><div style=\"width: 140px\" class=\"wp-caption alignnone\"><a href=\"http:\/\/fenerbahceliyiz.biz\/wp\/?page_id=183\"><img loading=\"lazy\" decoding=\"async\" class=\" \" title=\"Sel\u00e7uk \u015eahin\" src=\"http:\/\/fenerbahceliyiz.biz\/selcuksite1.jpg\" alt=\"\" width=\"130\" height=\"130\" \/><\/a><p class=\"wp-caption-text\">62 &#8211; Sel\u00e7uk \u015eahin<\/p><\/div><\/td>\n<\/tr>\n<tr>\n<td>\n<p><div style=\"width: 140px\" class=\"wp-caption alignnone\"><a href=\"http:\/\/fenerbahceliyiz.biz\/wp\/?page_id=191\"><img loading=\"lazy\" decoding=\"async\" class=\" \" title=\"Caner Erkin\" src=\"http:\/\/fenerbahceliyiz.biz\/canersite1.jpg\" alt=\"\" width=\"130\" height=\"130\" \/><\/a><p class=\"wp-caption-text\">88 &#8211; Caner Erkin<\/p><\/div><\/td>\n<td>\n<p><div style=\"width: 140px\" class=\"wp-caption alignnone\"><a href=\"http:\/\/fenerbahceliyiz.biz\/wp\/?page_id=195\"><img loading=\"lazy\" decoding=\"async\" class=\" \" title=\"G\u00f6kay \u0130ravul\" src=\"http:\/\/fenerbahceliyiz.biz\/recepniyazsite1.jpg\" alt=\"\" width=\"130\" height=\"130\" \/><\/a><p class=\"wp-caption-text\">95 &#8211; Recep Niyaz<\/p><\/div><\/td>\n<\/tr>\n<\/tbody>\n<\/table>\n<p>FORVET<\/p>\n<table border=\"0\">\n<tbody>\n<tr>\n<td>\n<p><div style=\"width: 140px\" class=\"wp-caption alignnone\"><a href=\"http:\/\/fenerbahceliyiz.biz\/wp\/?page_id=157\"><img loading=\"lazy\" decoding=\"async\" class=\" \" title=\"Alex de Souza\" src=\"http:\/\/fenerbahceliyiz.biz\/alexsite1.jpg\" alt=\"\" width=\"130\" height=\"130\" \/><\/a><p class=\"wp-caption-text\">10 &#8211; Alex de Souza<\/p><\/div><\/td>\n<td>\n<p><div style=\"width: 140px\" class=\"wp-caption alignnone\"><a href=\"http:\/\/fenerbahceliyiz.biz\/wp\/?page_id=159\"><img loading=\"lazy\" decoding=\"async\" class=\" \" title=\"Miroslav Stoch\" src=\"http:\/\/fenerbahceliyiz.biz\/stochsite1.jpg\" alt=\"\" width=\"130\" height=\"130\" \/><\/a><p class=\"wp-caption-text\">14 &#8211; Miroslav Stoch<\/p><\/div><\/td>\n<td>\n<p><div style=\"width: 140px\" class=\"wp-caption alignnone\"><a href=\"http:\/\/fenerbahceliyiz.biz\/wp\/?page_id=163\"><img loading=\"lazy\" decoding=\"async\" class=\" \" title=\"Henri Bienvenu\" src=\"http:\/\/fenerbahceliyiz.biz\/bienvenusite1.jpg\" alt=\"\" width=\"130\" height=\"130\" \/><\/a><p class=\"wp-caption-text\">15 &#8211; Henri Bienvenu<\/p><\/div><\/td>\n<td>\n<p><div style=\"width: 140px\" class=\"wp-caption alignnone\"><a href=\"http:\/\/fenerbahceliyiz.biz\/wp\/?page_id=169\"><img loading=\"lazy\" decoding=\"async\" class=\" \" title=\"Semih \u015eent\u00fcrk\" src=\"http:\/\/fenerbahceliyiz.biz\/semihsite1.jpg\" alt=\"\" width=\"130\" height=\"130\" \/><\/a><p class=\"wp-caption-text\">23 &#8211; Semih \u015eent\u00fcrk<\/p><\/div><\/td>\n<\/tr>\n<tr>\n<td>\n<p><div style=\"width: 140px\" class=\"wp-caption alignnone\"><a href=\"http:\/\/fenerbahceliyiz.biz\/wp\/?page_id=193\"><img loading=\"lazy\" decoding=\"async\" class=\" \" title=\"Issiar Dia\" src=\"http:\/\/fenerbahceliyiz.biz\/diasite1.jpg\" alt=\"\" width=\"130\" height=\"130\" \/><\/a><p class=\"wp-caption-text\">92 &#8211; Issiar Dia<\/p><\/div><\/td>\n<td>\n<p><div style=\"width: 140px\" class=\"wp-caption alignnone\"><a href=\"http:\/\/fenerbahceliyiz.biz\/wp\/?page_id=197\"><img loading=\"lazy\" decoding=\"async\" class=\" \" title=\"Berk Elitez\" src=\"http:\/\/fenerbahceliyiz.biz\/berksite1.jpg\" alt=\"\" width=\"130\" height=\"130\" \/><\/a><p class=\"wp-caption-text\">99 &#8211; Berk Elitez<\/p><\/div><\/td>\n<\/tr>\n<\/tbody>\n<\/table>\n","protected":false},"excerpt":{"rendered":"<p>KALEC\u0130 DEFANS ORTA SAHA FORVET<\/p>\n","protected":false},"author":1,"featured_media":0,"parent":70,"menu_order":0,"comment_status":"open","ping_status":"open","template":"","meta":{"ngg_post_thumbnail":0,"footnotes":""},"class_list":["post-72","page","type-page","status-publish","hentry"],"aioseo_notices":[],"_links":{"self":[{"href":"http:\/\/fenerbahceliyiz.biz\/index.php?rest_route=\/wp\/v2\/pages\/72","targetHints":{"allow":["GET"]}}],"collection":[{"href":"http:\/\/fenerbahceliyiz.biz\/index.php?rest_route=\/wp\/v2\/pages"}],"about":[{"href":"http:\/\/fenerbahceliyiz.biz\/index.php?rest_route=\/wp\/v2\/types\/page"}],"author":[{"embeddable":true,"href":"http:\/\/fenerbahceliyiz.biz\/index.php?rest_route=\/wp\/v2\/users\/1"}],"replies":[{"embeddable":true,"href":"http:\/\/fenerbahceliyiz.biz\/index.php?rest_route=%2Fwp%2Fv2%2Fcomments&post=72"}],"version-history":[{"count":16,"href":"http:\/\/fenerbahceliyiz.biz\/index.php?rest_route=\/wp\/v2\/pages\/72\/revisions"}],"predecessor-version":[{"id":549,"href":"http:\/\/fenerbahceliyiz.biz\/index.php?rest_route=\/wp\/v2\/pages\/72\/revisions\/549"}],"up":[{"embeddable":true,"href":"http:\/\/fenerbahceliyiz.biz\/index.php?rest_route=\/wp\/v2\/pages\/70"}],"wp:attachment":[{"href":"http:\/\/fenerbahceliyiz.biz\/index.php?rest_route=%2Fwp%2Fv2%2Fmedia&parent=72"}],"curies":[{"name":"wp","href":"https:\/\/api.w.org\/{rel}","templated":true}]}}