{"id":68,"date":"2011-10-26T03:07:50","date_gmt":"2011-10-26T03:07:50","guid":{"rendered":"http:\/\/fenerbahceliyiz.biz\/wp\/?page_id=68"},"modified":"2020-05-17T16:42:15","modified_gmt":"2020-05-17T13:42:15","slug":"duvar-kagidi","status":"publish","type":"page","link":"http:\/\/fenerbahceliyiz.biz\/?page_id=68","title":{"rendered":"Duvar Ka\u011f\u0131d\u0131"},"content":{"rendered":"","protected":false},"excerpt":{"rendered":"","protected":false},"author":1,"featured_media":0,"parent":0,"menu_order":4,"comment_status":"open","ping_status":"open","template":"","meta":{"ngg_post_thumbnail":0,"footnotes":""},"class_list":["post-68","page","type-page","status-publish","hentry"],"aioseo_notices":[],"_links":{"self":[{"href":"http:\/\/fenerbahceliyiz.biz\/index.php?rest_route=\/wp\/v2\/pages\/68","targetHints":{"allow":["GET"]}}],"collection":[{"href":"http:\/\/fenerbahceliyiz.biz\/index.php?rest_route=\/wp\/v2\/pages"}],"about":[{"href":"http:\/\/fenerbahceliyiz.biz\/index.php?rest_route=\/wp\/v2\/types\/page"}],"author":[{"embeddable":true,"href":"http:\/\/fenerbahceliyiz.biz\/index.php?rest_route=\/wp\/v2\/users\/1"}],"replies":[{"embeddable":true,"href":"http:\/\/fenerbahceliyiz.biz\/index.php?rest_route=%2Fwp%2Fv2%2Fcomments&post=68"}],"version-history":[{"count":2,"href":"http:\/\/fenerbahceliyiz.biz\/index.php?rest_route=\/wp\/v2\/pages\/68\/revisions"}],"predecessor-version":[{"id":85,"href":"http:\/\/fenerbahceliyiz.biz\/index.php?rest_route=\/wp\/v2\/pages\/68\/revisions\/85"}],"wp:attachment":[{"href":"http:\/\/fenerbahceliyiz.biz\/index.php?rest_route=%2Fwp%2Fv2%2Fmedia&parent=68"}],"curies":[{"name":"wp","href":"https:\/\/api.w.org\/{rel}","templated":true}]}}