{"id":449,"date":"2012-01-10T02:32:22","date_gmt":"2012-01-10T00:32:22","guid":{"rendered":"http:\/\/fenerbahceliyiz.biz\/wp\/?page_id=449"},"modified":"2012-01-10T02:32:22","modified_gmt":"2012-01-10T00:32:22","slug":"ozgur-cek","status":"publish","type":"page","link":"http:\/\/fenerbahceliyiz.biz\/?page_id=449","title":{"rendered":"\u00d6zg\u00fcr \u00c7ek"},"content":{"rendered":"<table width=\"40%\" border=\"0\">\n<tbody>\n<tr>\n<td width=\"100%\" height=\"453\">\n<hr size=\"1\" \/>\n<table width=\"100%\" border=\"0\">\n<tbody>\n<tr>\n<td width=\"59%\"><span style=\"font-family: verdana, arial, helvetica; font-size: medium;\">\u00d6ZG\u00dcR #60<\/span><\/td>\n<td rowspan=\"8\" width=\"16%\">\n<p align=\"center\"><span style=\"font-family: verdana, arial, helvetica;\"><img loading=\"lazy\" decoding=\"async\" src=\"http:\/\/fenerbahceliyiz.biz\/ozgurceksite1.jpg\" alt=\"\" width=\"150\" height=\"150\" align=\"right\" border=\"0\" \/><\/span><\/p>\n<\/td>\n<\/tr>\n<tr>\n<td width=\"59%\"><strong><span style=\"font-family: verdana, arial, helvetica; font-size: x-small;\">Adi Soyadi:<\/span>\u00a0<\/strong><span style=\"font-family: verdana, arial, helvetica; font-size: x-small;\">\u00d6zg\u00fcr \u00c7ek<\/span><\/td>\n<\/tr>\n<tr>\n<td width=\"59%\"><strong><span style=\"font-family: verdana, arial, helvetica; font-size: x-small;\">Mevki:<\/span>\u00a0<\/strong><span style=\"font-family: verdana, arial, helvetica; font-size: x-small;\">Defans\/Orta Saha<\/span><\/td>\n<\/tr>\n<tr>\n<td width=\"59%\"><strong><span style=\"font-family: verdana, arial, helvetica; font-size: x-small;\">Boy:<\/span>\u00a0<\/strong><span style=\"font-family: verdana, arial, helvetica; font-size: x-small;\">1.74<\/span><\/td>\n<\/tr>\n<tr>\n<td width=\"59%\"><span style=\"font-family: verdana, arial, helvetica; font-size: x-small;\"><strong>\u00dclkesi:\u00a0<\/strong>T\u00fcrkiye<\/span><\/td>\n<\/tr>\n<tr>\n<td width=\"59%\"><strong><span style=\"font-family: verdana, arial, helvetica; font-size: x-small;\">Do\u011fum Tarihi:<\/span><\/strong><span style=\"font-family: verdana, arial, helvetica; font-size: x-small;\"><strong>\u00a0<\/strong>03.01.1991<\/span><\/td>\n<\/tr>\n<tr>\n<td width=\"59%\"><strong><span style=\"font-family: verdana, arial, helvetica; font-size: x-small;\">Geldigi Takim:<\/span>\u00a0<\/strong><span style=\"font-family: verdana, arial, helvetica; font-size: x-small;\">Ankarag\u00fcc\u00fc<\/span><\/td>\n<\/tr>\n<tr>\n<td width=\"59%\"><strong><span style=\"font-family: verdana, arial, helvetica; font-size: x-small;\">Geldigi Sezon:<\/span>\u00a0<\/strong><span style=\"font-family: verdana, arial, helvetica; font-size: x-small;\">2011-2012<\/span><\/td>\n<\/tr>\n<\/tbody>\n<\/table>\n<hr size=\"1\" \/>\n<table width=\"100%\" border=\"0\">\n<tbody>\n<tr>\n<td width=\"100%\" height=\"214\">\n<p align=\"center\"><span style=\"font-family: verdana, arial, helvetica;\"><img loading=\"lazy\" decoding=\"async\" src=\"http:\/\/fenerbahceliyiz.biz\/ozgurceksite.jpg\" alt=\"\" width=\"400\" height=\"200\" align=\"right\" border=\"0\" \/><\/span><\/p>\n<\/td>\n<\/tr>\n<\/tbody>\n<\/table>\n<\/td>\n<\/tr>\n<\/tbody>\n<\/table>\n<p align=\"center\">ngg_shortcode_0_placeholder<\/p>\n","protected":false},"excerpt":{"rendered":"<p>\u00d6ZG\u00dcR #60 Adi Soyadi:\u00a0\u00d6zg\u00fcr \u00c7ek Mevki:\u00a0Defans\/Orta Saha Boy:\u00a01.74 \u00dclkesi:\u00a0T\u00fcrkiye Do\u011fum Tarihi:\u00a003.01.1991 Geldigi Takim:\u00a0Ankarag\u00fcc\u00fc Geldigi Sezon:\u00a02011-2012<\/p>\n","protected":false},"author":1,"featured_media":0,"parent":72,"menu_order":0,"comment_status":"open","ping_status":"open","template":"","meta":{"ngg_post_thumbnail":0,"footnotes":""},"class_list":["post-449","page","type-page","status-publish","hentry"],"aioseo_notices":[],"_links":{"self":[{"href":"http:\/\/fenerbahceliyiz.biz\/index.php?rest_route=\/wp\/v2\/pages\/449","targetHints":{"allow":["GET"]}}],"collection":[{"href":"http:\/\/fenerbahceliyiz.biz\/index.php?rest_route=\/wp\/v2\/pages"}],"about":[{"href":"http:\/\/fenerbahceliyiz.biz\/index.php?rest_route=\/wp\/v2\/types\/page"}],"author":[{"embeddable":true,"href":"http:\/\/fenerbahceliyiz.biz\/index.php?rest_route=\/wp\/v2\/users\/1"}],"replies":[{"embeddable":true,"href":"http:\/\/fenerbahceliyiz.biz\/index.php?rest_route=%2Fwp%2Fv2%2Fcomments&post=449"}],"version-history":[{"count":1,"href":"http:\/\/fenerbahceliyiz.biz\/index.php?rest_route=\/wp\/v2\/pages\/449\/revisions"}],"predecessor-version":[{"id":450,"href":"http:\/\/fenerbahceliyiz.biz\/index.php?rest_route=\/wp\/v2\/pages\/449\/revisions\/450"}],"up":[{"embeddable":true,"href":"http:\/\/fenerbahceliyiz.biz\/index.php?rest_route=\/wp\/v2\/pages\/72"}],"wp:attachment":[{"href":"http:\/\/fenerbahceliyiz.biz\/index.php?rest_route=%2Fwp%2Fv2%2Fmedia&parent=449"}],"curies":[{"name":"wp","href":"https:\/\/api.w.org\/{rel}","templated":true}]}}