{"id":189,"date":"2011-11-19T16:06:45","date_gmt":"2011-11-19T16:06:45","guid":{"rendered":"http:\/\/fenerbahceliyiz.biz\/wp\/?page_id=189"},"modified":"2011-11-19T20:19:42","modified_gmt":"2011-11-19T20:19:42","slug":"serkan-kirintili","status":"publish","type":"page","link":"http:\/\/fenerbahceliyiz.biz\/?page_id=189","title":{"rendered":"Serkan K\u0131r\u0131nt\u0131l\u0131"},"content":{"rendered":"<table width=\"40%\" border=\"0\">\n<tbody>\n<tr>\n<td width=\"100%\" height=\"453\">\n<hr size=\"1\" \/>\n<table width=\"100%\" border=\"0\">\n<tbody>\n<tr>\n<td width=\"59%\"><span style=\"font-family: verdana, arial, helvetica; font-size: medium;\">SERKAN #85<\/span><\/td>\n<td rowspan=\"8\" width=\"16%\">\n<p align=\"center\"><span style=\"font-family: verdana, arial, helvetica;\"><img loading=\"lazy\" decoding=\"async\" src=\"http:\/\/fenerbahceliyiz.biz\/kirintilisite1.jpg\" alt=\"\" width=\"150\" height=\"150\" align=\"right\" border=\"0\" \/><\/span><\/p>\n<\/td>\n<\/tr>\n<tr>\n<td width=\"59%\"><strong><span style=\"font-family: verdana, arial, helvetica; font-size: x-small;\">Adi Soyadi:<\/span>\u00a0<\/strong><span style=\"font-family: verdana, arial, helvetica; font-size: x-small;\">Serkan K\u0131r\u0131nt\u0131l\u0131<\/span><\/td>\n<\/tr>\n<tr>\n<td width=\"59%\"><strong><span style=\"font-family: verdana, arial, helvetica; font-size: x-small;\">Mevki:<\/span>\u00a0<\/strong><span style=\"font-family: verdana, arial, helvetica; font-size: x-small;\">Kaleci<\/span><\/td>\n<\/tr>\n<tr>\n<td width=\"59%\"><strong><span style=\"font-family: verdana, arial, helvetica; font-size: x-small;\">Boy:<\/span>\u00a0<\/strong><span style=\"font-family: verdana, arial, helvetica; font-size: x-small;\">1.85<\/span><\/td>\n<\/tr>\n<tr>\n<td width=\"59%\"><span style=\"font-family: verdana, arial, helvetica; font-size: x-small;\"><strong>\u00dclkesi:\u00a0<\/strong>T\u00fcrkiye<\/span><\/td>\n<\/tr>\n<tr>\n<td width=\"59%\"><strong><span style=\"font-family: verdana, arial, helvetica; font-size: x-small;\">Do\u011fum Tarihi:<\/span><\/strong><span style=\"font-family: verdana, arial, helvetica; font-size: x-small;\"><strong>\u00a0<\/strong>15.02.1985<\/span><\/td>\n<\/tr>\n<tr>\n<td width=\"59%\"><strong><span style=\"font-family: verdana, arial, helvetica; font-size: x-small;\">Geldigi Takim:<\/span>\u00a0<\/strong><span style=\"font-family: verdana, arial, helvetica; font-size: x-small;\">Ankarag\u00fcc\u00fc<\/span><\/td>\n<\/tr>\n<tr>\n<td width=\"59%\"><strong><span style=\"font-family: verdana, arial, helvetica; font-size: x-small;\">Geldigi Sezon:<\/span>\u00a0<\/strong><span style=\"font-family: verdana, arial, helvetica; font-size: x-small;\">2010-2011<\/span><\/td>\n<\/tr>\n<\/tbody>\n<\/table>\n<hr size=\"1\" \/>\n<table width=\"100%\" border=\"0\">\n<tbody>\n<tr>\n<td width=\"100%\" height=\"214\">\n<p align=\"center\"><span style=\"font-family: verdana, arial, helvetica;\"><img loading=\"lazy\" decoding=\"async\" src=\"http:\/\/fenerbahceliyiz.biz\/kirintilisite.jpg\" alt=\"\" width=\"400\" height=\"200\" align=\"right\" border=\"0\" \/><\/span><\/p>\n<\/td>\n<\/tr>\n<\/tbody>\n<\/table>\n<\/td>\n<\/tr>\n<\/tbody>\n<\/table>\n<p align=\"center\">ngg_shortcode_0_placeholder<\/p>\n","protected":false},"excerpt":{"rendered":"<p>SERKAN #85 Adi Soyadi:\u00a0Serkan K\u0131r\u0131nt\u0131l\u0131 Mevki:\u00a0Kaleci Boy:\u00a01.85 \u00dclkesi:\u00a0T\u00fcrkiye Do\u011fum Tarihi:\u00a015.02.1985 Geldigi Takim:\u00a0Ankarag\u00fcc\u00fc Geldigi Sezon:\u00a02010-2011<\/p>\n","protected":false},"author":1,"featured_media":0,"parent":72,"menu_order":0,"comment_status":"open","ping_status":"closed","template":"","meta":{"ngg_post_thumbnail":0,"footnotes":""},"class_list":["post-189","page","type-page","status-publish","hentry"],"aioseo_notices":[],"_links":{"self":[{"href":"http:\/\/fenerbahceliyiz.biz\/index.php?rest_route=\/wp\/v2\/pages\/189","targetHints":{"allow":["GET"]}}],"collection":[{"href":"http:\/\/fenerbahceliyiz.biz\/index.php?rest_route=\/wp\/v2\/pages"}],"about":[{"href":"http:\/\/fenerbahceliyiz.biz\/index.php?rest_route=\/wp\/v2\/types\/page"}],"author":[{"embeddable":true,"href":"http:\/\/fenerbahceliyiz.biz\/index.php?rest_route=\/wp\/v2\/users\/1"}],"replies":[{"embeddable":true,"href":"http:\/\/fenerbahceliyiz.biz\/index.php?rest_route=%2Fwp%2Fv2%2Fcomments&post=189"}],"version-history":[{"count":4,"href":"http:\/\/fenerbahceliyiz.biz\/index.php?rest_route=\/wp\/v2\/pages\/189\/revisions"}],"predecessor-version":[{"id":308,"href":"http:\/\/fenerbahceliyiz.biz\/index.php?rest_route=\/wp\/v2\/pages\/189\/revisions\/308"}],"up":[{"embeddable":true,"href":"http:\/\/fenerbahceliyiz.biz\/index.php?rest_route=\/wp\/v2\/pages\/72"}],"wp:attachment":[{"href":"http:\/\/fenerbahceliyiz.biz\/index.php?rest_route=%2Fwp%2Fv2%2Fmedia&parent=189"}],"curies":[{"name":"wp","href":"https:\/\/api.w.org\/{rel}","templated":true}]}}