{"id":147,"date":"2011-11-19T15:57:04","date_gmt":"2011-11-19T15:57:04","guid":{"rendered":"http:\/\/fenerbahceliyiz.biz\/wp\/?page_id=147"},"modified":"2011-11-19T20:11:38","modified_gmt":"2011-11-19T20:11:38","slug":"reto-ziegler","status":"publish","type":"page","link":"http:\/\/fenerbahceliyiz.biz\/?page_id=147","title":{"rendered":"Reto Ziegler"},"content":{"rendered":"<table width=\"40%\" border=\"0\">\n<tbody>\n<tr>\n<td width=\"100%\" height=\"453\">\n<hr size=\"1\" \/>\n<table width=\"100%\" border=\"0\">\n<tbody>\n<tr>\n<td width=\"59%\"><span style=\"font-family: verdana, arial, helvetica; font-size: medium;\">ZIEGLER #3<\/span><\/td>\n<td rowspan=\"8\" width=\"16%\">\n<p align=\"center\"><span style=\"font-family: verdana, arial, helvetica;\"><img loading=\"lazy\" decoding=\"async\" src=\"http:\/\/fenerbahceliyiz.biz\/zieglersite1.jpg\" alt=\"\" width=\"150\" height=\"150\" align=\"right\" border=\"0\" \/><\/span><\/p>\n<\/td>\n<\/tr>\n<tr>\n<td width=\"59%\"><strong><span style=\"font-family: verdana, arial, helvetica; font-size: x-small;\">Adi Soyadi:<\/span>\u00a0<\/strong><span style=\"font-family: verdana, arial, helvetica; font-size: x-small;\">Reto Ziegler<\/span><\/td>\n<\/tr>\n<tr>\n<td width=\"59%\"><strong><span style=\"font-family: verdana, arial, helvetica; font-size: x-small;\">Mevki:<\/span>\u00a0<\/strong><span style=\"font-family: verdana, arial, helvetica; font-size: x-small;\">Defans<\/span><\/td>\n<\/tr>\n<tr>\n<td width=\"59%\"><strong><span style=\"font-family: verdana, arial, helvetica; font-size: x-small;\">Boy:<\/span>\u00a0<\/strong><span style=\"font-family: verdana, arial, helvetica; font-size: x-small;\">1.83<\/span><\/td>\n<\/tr>\n<tr>\n<td width=\"59%\"><span style=\"font-family: verdana, arial, helvetica; font-size: x-small;\"><strong>\u00dclkesi:\u00a0<\/strong>\u0130svi\u00e7re<\/span><\/td>\n<\/tr>\n<tr>\n<td width=\"59%\"><strong><span style=\"font-family: verdana, arial, helvetica; font-size: x-small;\">Do\u011fum Tarihi:<\/span><\/strong><span style=\"font-family: verdana, arial, helvetica; font-size: x-small;\"><strong>\u00a0<\/strong>16.01.1986<\/span><\/td>\n<\/tr>\n<tr>\n<td width=\"59%\"><strong><span style=\"font-family: verdana, arial, helvetica; font-size: x-small;\">Geldigi Takim:<\/span>\u00a0<\/strong><span style=\"font-family: verdana, arial, helvetica; font-size: x-small;\">Juventus<\/span><\/td>\n<\/tr>\n<tr>\n<td width=\"59%\"><strong><span style=\"font-family: verdana, arial, helvetica; font-size: x-small;\">Geldigi Sezon:<\/span>\u00a0<\/strong><span style=\"font-family: verdana, arial, helvetica; font-size: x-small;\">2011-2012<\/span><\/td>\n<\/tr>\n<\/tbody>\n<\/table>\n<hr size=\"1\" \/>\n<table width=\"100%\" border=\"0\">\n<tbody>\n<tr>\n<td width=\"100%\" height=\"214\">\n<p align=\"center\"><span style=\"font-family: verdana, arial, helvetica;\"><img loading=\"lazy\" decoding=\"async\" src=\"http:\/\/fenerbahceliyiz.biz\/zieglersite.jpg\" alt=\"\" width=\"400\" height=\"200\" align=\"right\" border=\"0\" \/><\/span><\/p>\n<\/td>\n<\/tr>\n<\/tbody>\n<\/table>\n<\/td>\n<\/tr>\n<\/tbody>\n<\/table>\n<p align=\"center\">ngg_shortcode_0_placeholder<\/p>\n","protected":false},"excerpt":{"rendered":"<p>ZIEGLER #3 Adi Soyadi:\u00a0Reto Ziegler Mevki:\u00a0Defans Boy:\u00a01.83 \u00dclkesi:\u00a0\u0130svi\u00e7re Do\u011fum Tarihi:\u00a016.01.1986 Geldigi Takim:\u00a0Juventus Geldigi Sezon:\u00a02011-2012<\/p>\n","protected":false},"author":1,"featured_media":0,"parent":72,"menu_order":0,"comment_status":"open","ping_status":"closed","template":"","meta":{"ngg_post_thumbnail":0,"footnotes":""},"class_list":["post-147","page","type-page","status-publish","hentry"],"aioseo_notices":[],"_links":{"self":[{"href":"http:\/\/fenerbahceliyiz.biz\/index.php?rest_route=\/wp\/v2\/pages\/147","targetHints":{"allow":["GET"]}}],"collection":[{"href":"http:\/\/fenerbahceliyiz.biz\/index.php?rest_route=\/wp\/v2\/pages"}],"about":[{"href":"http:\/\/fenerbahceliyiz.biz\/index.php?rest_route=\/wp\/v2\/types\/page"}],"author":[{"embeddable":true,"href":"http:\/\/fenerbahceliyiz.biz\/index.php?rest_route=\/wp\/v2\/users\/1"}],"replies":[{"embeddable":true,"href":"http:\/\/fenerbahceliyiz.biz\/index.php?rest_route=%2Fwp%2Fv2%2Fcomments&post=147"}],"version-history":[{"count":4,"href":"http:\/\/fenerbahceliyiz.biz\/index.php?rest_route=\/wp\/v2\/pages\/147\/revisions"}],"predecessor-version":[{"id":300,"href":"http:\/\/fenerbahceliyiz.biz\/index.php?rest_route=\/wp\/v2\/pages\/147\/revisions\/300"}],"up":[{"embeddable":true,"href":"http:\/\/fenerbahceliyiz.biz\/index.php?rest_route=\/wp\/v2\/pages\/72"}],"wp:attachment":[{"href":"http:\/\/fenerbahceliyiz.biz\/index.php?rest_route=%2Fwp%2Fv2%2Fmedia&parent=147"}],"curies":[{"name":"wp","href":"https:\/\/api.w.org\/{rel}","templated":true}]}}